{"id":1038,"date":"2025-08-13T17:20:08","date_gmt":"2025-08-13T17:20:08","guid":{"rendered":"https:\/\/www.valpura.at\/?page_id=1038"},"modified":"2025-08-13T17:20:17","modified_gmt":"2025-08-13T17:20:17","slug":"startseite-2","status":"publish","type":"page","link":"https:\/\/www.valpura.at\/","title":{"rendered":"Startseite"},"content":{"rendered":"<h1>\u00dcber Uns<\/h1>\n<p>Als Immobilienverwalter in Tirol sind wir stolz darauf, Mietern und Vermietern miteinander zu verbinden. Wir bieten eine Vielzahl von haustierfreundlichen Wohnungen und sorgen daf\u00fcr, dass sowohl die Vermietung als auch die Verwaltung unkompliziert und transparent ablaufen. Unser Ziel ist es, Ihnen nicht nur bei der Wohnungssuche zu helfen, sondern auch einen Ort zu schaffen, an dem Sie sich wirklich zu Hause f\u00fchlen. Vertrauen Sie auf unsere Erfahrung und lassen Sie uns gemeinsam den perfekten Raum f\u00fcr Sie finden.<\/p>\n<h5>Ihr Zuhause, unser Service.<\/h5>\n<h2>Unsere Dienstleistungen<\/h2>\n<p>Entdecken Sie unsere spezialisierten Dienstleistungen in der Immobilienvermietung und -verwaltung. Wir legen Wert auf Transparenz und pers\u00f6nlichen Service, um Ihnen eine angenehme Erfahrung zu bieten. Lassen Sie uns gemeinsam die beste L\u00f6sung f\u00fcr Ihre Wohnbed\u00fcrfnisse finden.<\/p>\n<p>\t\t\t\t<svg aria-hidden=\"true\" viewBox=\"0 0 576 512\" xmlns=\"http:\/\/www.w3.org\/2000\/svg\"><path d=\"M259.3 17.8L194 150.2 47.9 171.5c-26.2 3.8-36.7 36.1-17.7 54.6l105.7 103-25 145.5c-4.5 26.3 23.2 46 46.4 33.7L288 439.6l130.7 68.7c23.2 12.2 50.9-7.4 46.4-33.7l-25-145.5 105.7-103c19-18.5 8.5-50.8-17.7-54.6L382 150.2 316.7 17.8c-11.7-23.6-45.6-23.9-57.4 0z\"><\/path><\/svg>\t\t\t\t<\/p>\n<h3>\n\t\t\t\t\t\t\tHaustierfreundliche Wohnungen<br \/>\n\t\t\t\t\t<\/h3>\n<p>\n\t\t\t\t\t\tBei uns finden Sie zahlreiche Wohnungen, die sich ideal f\u00fcr Haustierhalter eignen. Wir wissen, wie wichtig Ihr vierbeiniger Freund f\u00fcr Sie ist.\t\t\t\t\t<\/p>\n<p>\t\t\t\t<svg aria-hidden=\"true\" viewBox=\"0 0 576 512\" xmlns=\"http:\/\/www.w3.org\/2000\/svg\"><path d=\"M259.3 17.8L194 150.2 47.9 171.5c-26.2 3.8-36.7 36.1-17.7 54.6l105.7 103-25 145.5c-4.5 26.3 23.2 46 46.4 33.7L288 439.6l130.7 68.7c23.2 12.2 50.9-7.4 46.4-33.7l-25-145.5 105.7-103c19-18.5 8.5-50.8-17.7-54.6L382 150.2 316.7 17.8c-11.7-23.6-45.6-23.9-57.4 0z\"><\/path><\/svg>\t\t\t\t<\/p>\n<h3>\n\t\t\t\t\t\t\tSchnelle Besichtigungen<br \/>\n\t\t\t\t\t<\/h3>\n<p>\n\t\t\t\t\t\tBuchen Sie Besichtigungen unkompliziert und schnell online. Wir sorgen daf\u00fcr, dass Sie in k\u00fcrzester Zeit Ihr Traumheim besichtigen k\u00f6nnen.\t\t\t\t\t<\/p>\n<p>\t\t\t\t<svg aria-hidden=\"true\" viewBox=\"0 0 576 512\" xmlns=\"http:\/\/www.w3.org\/2000\/svg\"><path d=\"M259.3 17.8L194 150.2 47.9 171.5c-26.2 3.8-36.7 36.1-17.7 54.6l105.7 103-25 145.5c-4.5 26.3 23.2 46 46.4 33.7L288 439.6l130.7 68.7c23.2 12.2 50.9-7.4 46.4-33.7l-25-145.5 105.7-103c19-18.5 8.5-50.8-17.7-54.6L382 150.2 316.7 17.8c-11.7-23.6-45.6-23.9-57.4 0z\"><\/path><\/svg>\t\t\t\t<\/p>\n<h3>\n\t\t\t\t\t\t\tTransparente Informationen<br \/>\n\t\t\t\t\t<\/h3>\n<p>\n\t\t\t\t\t\tAlle Informationen zu unseren Immobilien sind klar und verst\u00e4ndlich. Wir stehen Ihnen jederzeit f\u00fcr Fragen zur Verf\u00fcgung.\t\t\t\t\t<\/p>\n<p>\t\t\t\t\t\t\t\t\t\t\t\t<a href=\"#\"><br \/>\n\t\t\t\t\t\t\t\t\tMehr erfahren<br \/>\n\t\t\t\t\t<\/a><\/p>\n<h2>Unsere neuesten Angebote<\/h2>\n<p>Hier finden Sie eine Galerie unserer aktuellen Immobilienangebote, die Ihnen einen Einblick in unsere verf\u00fcgbaren Wohnungen gibt.<\/p>\n<h5>Willkommen bei Valpura!<\/h5>\n<h2>Kundenbewertungen im \u00dcberblick<\/h2>\n<h2>Bleiben Sie informiert!<\/h2>\n<p>Abonnieren Sie unseren Newsletter und erfahren Sie als Erster von neuen Angeboten und exklusiven Informationen zu unseren haustierfreundlichen Wohnungen!<\/p>\n<p>Mit Ihrer Anmeldung stimmen Sie unseren Nutzungsbedingungen zu.<\/p>\n<h2>H\u00e4ufige Fragen<\/h2>\n<h5>Antworten auf Ihre h\u00e4ufigsten Anfragen.<\/h5>\n<p>\t\t\t\t\t\t\t\t\t\t\t\t\t\t\t<svg viewBox=\"0 0 192 512\" xmlns=\"http:\/\/www.w3.org\/2000\/svg\"><path d=\"M0 384.662V127.338c0-17.818 21.543-26.741 34.142-14.142l128.662 128.662c7.81 7.81 7.81 20.474 0 28.284L34.142 398.804C21.543 411.404 0 402.48 0 384.662z\"><\/path><\/svg><br \/>\n\t\t\t\t\t\t\t\t<svg viewBox=\"0 0 320 512\" xmlns=\"http:\/\/www.w3.org\/2000\/svg\"><path d=\"M288.662 352H31.338c-17.818 0-26.741-21.543-14.142-34.142l128.662-128.662c7.81-7.81 20.474-7.81 28.284 0l128.662 128.662c12.6 12.599 3.676 34.142-14.142 34.142z\"><\/path><\/svg><br \/>\n\t\t\t\t\t\t\t\t\t\t\t\t<a tabindex=\"0\">Wie buche ich eine Besichtigung?<\/a><\/p>\n<p>Sie k\u00f6nnen eine Besichtigung einfach \u00fcber unsere Website buchen. W\u00e4hlen Sie die gew\u00fcnschte Immobilie aus und klicken Sie auf die Schaltfl\u00e4che &#8218;Besichtigung buchen&#8216;. F\u00fcllen Sie das Formular aus und wir best\u00e4tigen Ihren Termin umgehend.<\/p>\n<p>\t\t\t\t\t\t\t\t\t\t\t\t\t\t\t<svg viewBox=\"0 0 192 512\" xmlns=\"http:\/\/www.w3.org\/2000\/svg\"><path d=\"M0 384.662V127.338c0-17.818 21.543-26.741 34.142-14.142l128.662 128.662c7.81 7.81 7.81 20.474 0 28.284L34.142 398.804C21.543 411.404 0 402.48 0 384.662z\"><\/path><\/svg><br \/>\n\t\t\t\t\t\t\t\t<svg viewBox=\"0 0 320 512\" xmlns=\"http:\/\/www.w3.org\/2000\/svg\"><path d=\"M288.662 352H31.338c-17.818 0-26.741-21.543-14.142-34.142l128.662-128.662c7.81-7.81 20.474-7.81 28.284 0l128.662 128.662c12.6 12.599 3.676 34.142-14.142 34.142z\"><\/path><\/svg><br \/>\n\t\t\t\t\t\t\t\t\t\t\t\t<a tabindex=\"0\">Sind Haustiere erlaubt?<\/a><\/p>\n<p>Ja, viele unserer Wohnungen sind haustierfreundlich. Bitte \u00fcberpr\u00fcfen Sie die spezifischen Informationen zur jeweiligen Immobilie, um sicherzustellen, dass Haustiere erlaubt sind.<\/p>\n<p>\t\t\t\t\t\t\t\t\t\t\t\t\t\t\t<svg viewBox=\"0 0 192 512\" xmlns=\"http:\/\/www.w3.org\/2000\/svg\"><path d=\"M0 384.662V127.338c0-17.818 21.543-26.741 34.142-14.142l128.662 128.662c7.81 7.81 7.81 20.474 0 28.284L34.142 398.804C21.543 411.404 0 402.48 0 384.662z\"><\/path><\/svg><br \/>\n\t\t\t\t\t\t\t\t<svg viewBox=\"0 0 320 512\" xmlns=\"http:\/\/www.w3.org\/2000\/svg\"><path d=\"M288.662 352H31.338c-17.818 0-26.741-21.543-14.142-34.142l128.662-128.662c7.81-7.81 20.474-7.81 28.284 0l128.662 128.662c12.6 12.599 3.676 34.142-14.142 34.142z\"><\/path><\/svg><br \/>\n\t\t\t\t\t\t\t\t\t\t\t\t<a tabindex=\"0\">Wie hoch sind die Nebenkosten?<\/a><\/p>\n<p>Die Nebenkosten variieren je nach Wohnung und Gr\u00f6\u00dfe. Sie finden die genauen Angaben zu den Nebenkosten in den jeweiligem Expos\u00e9 oder k\u00f6nnen uns direkt kontaktieren.<\/p>\n<p>\t\t\t\t\t\t\t\t\t\t\t\t\t\t\t<svg viewBox=\"0 0 192 512\" xmlns=\"http:\/\/www.w3.org\/2000\/svg\"><path d=\"M0 384.662V127.338c0-17.818 21.543-26.741 34.142-14.142l128.662 128.662c7.81 7.81 7.81 20.474 0 28.284L34.142 398.804C21.543 411.404 0 402.48 0 384.662z\"><\/path><\/svg><br \/>\n\t\t\t\t\t\t\t\t<svg viewBox=\"0 0 320 512\" xmlns=\"http:\/\/www.w3.org\/2000\/svg\"><path d=\"M288.662 352H31.338c-17.818 0-26.741-21.543-14.142-34.142l128.662-128.662c7.81-7.81 20.474-7.81 28.284 0l128.662 128.662c12.6 12.599 3.676 34.142-14.142 34.142z\"><\/path><\/svg><br \/>\n\t\t\t\t\t\t\t\t\t\t\t\t<a tabindex=\"0\">Gibt es eine Kaution?<\/a><\/p>\n<p>Ja, wir verlangen in der Regel eine Kaution. Die H\u00f6he der Kaution betr\u00e4gt meist zwei Monatsmieten. Weitere Informationen finden Sie in den spezifischen Mietvertr\u00e4gen.<\/p>\n<p>\t\t\t\t\t\t\t\t\t\t\t\t\t\t\t<svg viewBox=\"0 0 192 512\" xmlns=\"http:\/\/www.w3.org\/2000\/svg\"><path d=\"M0 384.662V127.338c0-17.818 21.543-26.741 34.142-14.142l128.662 128.662c7.81 7.81 7.81 20.474 0 28.284L34.142 398.804C21.543 411.404 0 402.48 0 384.662z\"><\/path><\/svg><br \/>\n\t\t\t\t\t\t\t\t<svg viewBox=\"0 0 320 512\" xmlns=\"http:\/\/www.w3.org\/2000\/svg\"><path d=\"M288.662 352H31.338c-17.818 0-26.741-21.543-14.142-34.142l128.662-128.662c7.81-7.81 20.474-7.81 28.284 0l128.662 128.662c12.6 12.599 3.676 34.142-14.142 34.142z\"><\/path><\/svg><br \/>\n\t\t\t\t\t\t\t\t\t\t\t\t<a tabindex=\"0\">Gibt es die M\u00f6glichkeit zur Online-Anmietung?<\/a><\/p>\n<p>Ja, Sie k\u00f6nnen viele unserer Wohnungen online anmieten. Nach der Buchung einer Besichtigung haben Sie die M\u00f6glichkeit, den Mietvertrag online abzuschlie\u00dfen.<\/p>\n<h2>Ihre Ansprechpartnerin<\/h2>\n<h2>So finden Sie uns in Tirol<\/h2>\n<p>Wir freuen uns auf Ihre Nachricht! Bei Fragen stehen wir Ihnen jederzeit zur Verf\u00fcgung. Kontaktieren Sie uns einfach.<\/p>\n<p>\t\t\t<iframe loading=\"lazy\"\n\t\t\t\t\tsrc=\"https:\/\/maps.google.com\/maps?q=Musterstra%C3%9Fe%205%2C%206020%20Innsbruck%2C%20%C3%96sterreich&#038;t=m&#038;z=10&#038;output=embed&#038;iwloc=near\"\n\t\t\t\t\ttitle=\"Musterstra\u00dfe 5, 6020 Innsbruck, \u00d6sterreich\"\n\t\t\t\t\taria-label=\"Musterstra\u00dfe 5, 6020 Innsbruck, \u00d6sterreich\"\n\t\t\t><\/iframe><br \/>\n\t\t\t\t<svg aria-hidden=\"true\" viewBox=\"0 0 512 512\" xmlns=\"http:\/\/www.w3.org\/2000\/svg\"><path d=\"M502.3 190.8c3.9-3.1 9.7-.2 9.7 4.7V400c0 26.5-21.5 48-48 48H48c-26.5 0-48-21.5-48-48V195.6c0-5 5.7-7.8 9.7-4.7 22.4 17.4 52.1 39.5 154.1 113.6 21.1 15.4 56.7 47.8 92.2 47.6 35.7.3 72-32.8 92.3-47.6 102-74.1 131.6-96.3 154-113.7zM256 320c23.2.4 56.6-29.2 73.4-41.4 132.7-96.3 142.8-104.7 173.4-128.7 5.8-4.5 9.2-11.5 9.2-18.9v-19c0-26.5-21.5-48-48-48H48C21.5 64 0 85.5 0 112v19c0 7.4 3.4 14.3 9.2 18.9 30.6 23.9 40.7 32.4 173.4 128.7 16.8 12.2 50.2 41.8 73.4 41.4z\"><\/path><\/svg>\t\t\t\t<\/p>\n<h3>\n\t\t\t\t\t\t\tE-Mail<br \/>\n\t\t\t\t\t<\/h3>\n<p>\n\t\t\t\t\t\tBitte senden Sie uns Ihre Anfragen per E-Mail.\t\t\t\t\t<\/p>\n<p>\t\t\t\t\t\t\t\t\t\t\t\t<a href=\"#\"><br \/>\n\t\t\t\t\t\t\t\t\tkontakt@valpura.eu<br \/>\n\t\t\t\t\t<\/a><br \/>\n\t\t\t\t<svg aria-hidden=\"true\" viewBox=\"0 0 512 512\" xmlns=\"http:\/\/www.w3.org\/2000\/svg\"><path d=\"M497.39 361.8l-112-48a24 24 0 0 0-28 6.9l-49.6 60.6A370.66 370.66 0 0 1 130.6 204.11l60.6-49.6a23.94 23.94 0 0 0 6.9-28l-48-112A24.16 24.16 0 0 0 122.6.61l-104 24A24 24 0 0 0 0 48c0 256.5 207.9 464 464 464a24 24 0 0 0 23.4-18.6l24-104a24.29 24.29 0 0 0-14.01-27.6z\"><\/path><\/svg>\t\t\t\t<\/p>\n<h3>\n\t\t\t\t\t\t\tTelefon<br \/>\n\t\t\t\t\t<\/h3>\n<p>\n\t\t\t\t\t\tRufen Sie uns an, wir helfen Ihnen gerne weiter.\t\t\t\t\t<\/p>\n<p>\t\t\t\t\t\t\t\t\t\t\t\t<a href=\"#\"><br \/>\n\t\t\t\t\t\t\t\t\t+43 512 123456<br \/>\n\t\t\t\t\t<\/a><br \/>\n\t\t\t\t<svg aria-hidden=\"true\" viewBox=\"0 0 384 512\" xmlns=\"http:\/\/www.w3.org\/2000\/svg\"><path d=\"M172.268 501.67C26.97 291.031 0 269.413 0 192 0 85.961 85.961 0 192 0s192 85.961 192 192c0 77.413-26.97 99.031-172.268 309.67-9.535 13.774-29.93 13.773-39.464 0zM192 272c44.183 0 80-35.817 80-80s-35.817-80-80-80-80 35.817-80 80 35.817 80 80 80z\"><\/path><\/svg>\t\t\t\t<\/p>\n<h3>\n\t\t\t\t\t\t\tB\u00fcro<br \/>\n\t\t\t\t\t<\/h3>\n<p>\n\t\t\t\t\t\tMusterstra\u00dfe 5, Innsbruck, AT\t\t\t\t\t<\/p>\n<p>\t\t\t\t\t\t\t\t\t\t\t\t<a href=\"#\"><br \/>\n\t\t\t\t<svg aria-hidden=\"true\" viewBox=\"0 0 320 512\" xmlns=\"http:\/\/www.w3.org\/2000\/svg\"><path d=\"M285.476 272.971L91.132 467.314c-9.373 9.373-24.569 9.373-33.941 0l-22.667-22.667c-9.357-9.357-9.375-24.522-.04-33.901L188.505 256 34.484 101.255c-9.335-9.379-9.317-24.544.04-33.901l22.667-22.667c9.373-9.373 24.569-9.373 33.941 0L285.475 239.03c9.373 9.372 9.373 24.568.001 33.941z\"><\/path><\/svg><br \/>\n\t\t\t\t\t\t\t\t\tRoute planen<br \/>\n\t\t\t\t\t<\/a><br \/>\n\t\t\t\t<svg aria-hidden=\"true\" viewBox=\"0 0 576 512\" xmlns=\"http:\/\/www.w3.org\/2000\/svg\"><path d=\"M259.3 17.8L194 150.2 47.9 171.5c-26.2 3.8-36.7 36.1-17.7 54.6l105.7 103-25 145.5c-4.5 26.3 23.2 46 46.4 33.7L288 439.6l130.7 68.7c23.2 12.2 50.9-7.4 46.4-33.7l-25-145.5 105.7-103c19-18.5 8.5-50.8-17.7-54.6L382 150.2 316.7 17.8c-11.7-23.6-45.6-23.9-57.4 0z\"><\/path><\/svg>\t\t\t\t<\/p>\n<h3>\n\t\t\t\t\t\t\tFolgen<br \/>\n\t\t\t\t\t<\/h3>\n<p>\n\t\t\t\t\t\tBleiben Sie auf dem Laufenden mit unseren Neuigkeiten.\t\t\t\t\t<\/p>\n<p>\t\t\t\t\t<a href=\"#\" target=\"_blank\"><br \/>\n\t\t\t\t\t\tFacebook-f<br \/>\n\t\t\t\t\t\t<svg viewBox=\"0 0 320 512\" xmlns=\"http:\/\/www.w3.org\/2000\/svg\"><path d=\"M279.14 288l14.22-92.66h-88.91v-60.13c0-25.35 12.42-50.06 52.24-50.06h40.42V6.26S260.43 0 225.36 0c-73.22 0-121.08 44.38-121.08 124.72v70.62H22.89V288h81.39v224h100.17V288z\"><\/path><\/svg>\t\t\t\t\t<\/a><br \/>\n\t\t\t\t\t<a href=\"#\" target=\"_blank\"><br \/>\n\t\t\t\t\t\tTwitter<br \/>\n\t\t\t\t\t\t<svg viewBox=\"0 0 512 512\" xmlns=\"http:\/\/www.w3.org\/2000\/svg\"><path d=\"M459.37 151.716c.325 4.548.325 9.097.325 13.645 0 138.72-105.583 298.558-298.558 298.558-59.452 0-114.68-17.219-161.137-47.106 8.447.974 16.568 1.299 25.34 1.299 49.055 0 94.213-16.568 130.274-44.832-46.132-.975-84.792-31.188-98.112-72.772 6.498.974 12.995 1.624 19.818 1.624 9.421 0 18.843-1.3 27.614-3.573-48.081-9.747-84.143-51.98-84.143-102.985v-1.299c13.969 7.797 30.214 12.67 47.431 13.319-28.264-18.843-46.781-51.005-46.781-87.391 0-19.492 5.197-37.36 14.294-52.954 51.655 63.675 129.3 105.258 216.365 109.807-1.624-7.797-2.599-15.918-2.599-24.04 0-57.828 46.782-104.934 104.934-104.934 30.213 0 57.502 12.67 76.67 33.137 23.715-4.548 46.456-13.32 66.599-25.34-7.798 24.366-24.366 44.833-46.132 57.827 21.117-2.273 41.584-8.122 60.426-16.243-14.292 20.791-32.161 39.308-52.628 54.253z\"><\/path><\/svg>\t\t\t\t\t<\/a><\/p>\n","protected":false},"excerpt":{"rendered":"<p>\u00dcber Uns Als Immobilienverwalter in Tirol sind wir stolz darauf, Mietern und Vermietern miteinander zu verbinden. Wir bieten eine Vielzahl von haustierfreundlichen Wohnungen und sorgen daf\u00fcr, dass sowohl die Vermietung als auch die Verwaltung unkompliziert und transparent ablaufen. Unser Ziel ist es, Ihnen nicht nur bei der Wohnungssuche zu helfen, sondern auch einen Ort zu [&hellip;]<\/p>\n","protected":false},"author":1,"featured_media":0,"parent":0,"menu_order":0,"comment_status":"closed","ping_status":"closed","template":"","meta":{"footnotes":""},"class_list":["post-1038","page","type-page","status-publish","hentry"],"_links":{"self":[{"href":"https:\/\/www.valpura.at\/index.php?rest_route=\/wp\/v2\/pages\/1038","targetHints":{"allow":["GET"]}}],"collection":[{"href":"https:\/\/www.valpura.at\/index.php?rest_route=\/wp\/v2\/pages"}],"about":[{"href":"https:\/\/www.valpura.at\/index.php?rest_route=\/wp\/v2\/types\/page"}],"author":[{"embeddable":true,"href":"https:\/\/www.valpura.at\/index.php?rest_route=\/wp\/v2\/users\/1"}],"replies":[{"embeddable":true,"href":"https:\/\/www.valpura.at\/index.php?rest_route=%2Fwp%2Fv2%2Fcomments&post=1038"}],"version-history":[{"count":4,"href":"https:\/\/www.valpura.at\/index.php?rest_route=\/wp\/v2\/pages\/1038\/revisions"}],"predecessor-version":[{"id":1083,"href":"https:\/\/www.valpura.at\/index.php?rest_route=\/wp\/v2\/pages\/1038\/revisions\/1083"}],"wp:attachment":[{"href":"https:\/\/www.valpura.at\/index.php?rest_route=%2Fwp%2Fv2%2Fmedia&parent=1038"}],"curies":[{"name":"wp","href":"https:\/\/api.w.org\/{rel}","templated":true}]}}